{"id":710,"date":"2020-11-04T19:19:56","date_gmt":"2020-11-04T19:19:56","guid":{"rendered":"https:\/\/cafevanhoutte.com\/in-our-cafes\/"},"modified":"2023-08-01T01:16:23","modified_gmt":"2023-08-01T01:16:23","slug":"dans-nos-cafes","status":"publish","type":"page","link":"https:\/\/cafevanhoutte.com\/fr\/dans-nos-cafes\/","title":{"rendered":"Dans nos caf\u00e9s"},"content":{"rendered":"\t\t<div data-elementor-type=\"wp-page\" data-elementor-id=\"710\" class=\"elementor elementor-710 elementor-94\" data-elementor-post-type=\"page\">\n\t\t\t\t\t\t<section class=\"has_eae_slider elementor-section elementor-top-section elementor-element elementor-element-ddabe0b elementor-section-full_width elementor-section-stretched elementor-section-height-default elementor-section-height-default\" data-eae-slider=\"17642\" data-id=\"ddabe0b\" data-element_type=\"section\" data-e-type=\"section\" data-settings=\"{&quot;stretch_section&quot;:&quot;section-stretched&quot;,&quot;background_background&quot;:&quot;classic&quot;}\">\n\t\t\t\t\t\t\t<div class=\"elementor-background-overlay\"><\/div>\n\t\t\t\t\t\t\t<div class=\"elementor-container elementor-column-gap-default\">\n\t\t\t\t\t<div class=\"has_eae_slider elementor-column elementor-col-100 elementor-top-column elementor-element elementor-element-2d36cec\" data-eae-slider=\"98174\" data-id=\"2d36cec\" data-element_type=\"column\" data-e-type=\"column\">\n\t\t\t<div class=\"elementor-widget-wrap elementor-element-populated\">\n\t\t\t\t\t\t<div class=\"elementor-element elementor-element-e3696b2 elementor-widget elementor-widget-heading\" data-id=\"e3696b2\" data-element_type=\"widget\" data-e-type=\"widget\" data-widget_type=\"heading.default\">\n\t\t\t\t<div class=\"elementor-widget-container\">\n\t\t\t\t\t<p class=\"elementor-heading-title elementor-size-default\">DANS NOS CAF\u00c9S<\/p>\t\t\t\t<\/div>\n\t\t\t\t<\/div>\n\t\t\t\t\t<\/div>\n\t\t<\/div>\n\t\t\t\t\t<\/div>\n\t\t<\/section>\n\t\t\t\t<section class=\"has_eae_slider elementor-section elementor-top-section elementor-element elementor-element-24140ab elementor-section-full_width elementor-section-stretched elementor-section-height-default elementor-section-height-default\" data-eae-slider=\"80159\" data-id=\"24140ab\" data-element_type=\"section\" data-e-type=\"section\" data-settings=\"{&quot;stretch_section&quot;:&quot;section-stretched&quot;,&quot;background_background&quot;:&quot;classic&quot;}\">\n\t\t\t\t\t\t<div class=\"elementor-container elementor-column-gap-default\">\n\t\t\t\t\t<div class=\"has_eae_slider elementor-column elementor-col-100 elementor-top-column elementor-element elementor-element-6313719\" data-eae-slider=\"54743\" data-id=\"6313719\" data-element_type=\"column\" data-e-type=\"column\">\n\t\t\t<div class=\"elementor-widget-wrap elementor-element-populated\">\n\t\t\t\t\t\t<div class=\"elementor-element elementor-element-6a5d7c3 elementor-invisible elementor-widget elementor-widget-text-editor\" data-id=\"6a5d7c3\" data-element_type=\"widget\" data-e-type=\"widget\" data-settings=\"{&quot;_animation&quot;:&quot;zoomIn&quot;}\" data-widget_type=\"text-editor.default\">\n\t\t\t\t<div class=\"elementor-widget-container\">\n\t\t\t\t\t\t\t\t\t<p style=\"text-align: center;\">Pour combler les petites fringales et les plus grands app\u00e9tits, les Caf\u00e9s Van Houtte vous proposent un menu vari\u00e9, \u00e9labor\u00e9 \u00e0 partir d\u2019aliments frais, sains et tout \u00e0 fait savoureux. Alors, que prendrez-vous pour accompagner votre caf\u00e9?\n<\/p>\t\t\t\t\t\t\t\t<\/div>\n\t\t\t\t<\/div>\n\t\t\t\t\t<\/div>\n\t\t<\/div>\n\t\t\t\t\t<\/div>\n\t\t<\/section>\n\t\t\t\t<section class=\"has_eae_slider elementor-section elementor-top-section elementor-element elementor-element-f63fc56 elementor-section-full_width elementor-section-stretched elementor-section-height-default elementor-section-height-default\" data-eae-slider=\"32405\" data-id=\"f63fc56\" data-element_type=\"section\" data-e-type=\"section\" data-settings=\"{&quot;stretch_section&quot;:&quot;section-stretched&quot;,&quot;background_background&quot;:&quot;classic&quot;}\">\n\t\t\t\t\t\t<div class=\"elementor-container elementor-column-gap-no\">\n\t\t\t\t\t<div class=\"has_eae_slider elementor-column elementor-col-50 elementor-top-column elementor-element elementor-element-18d0166\" data-eae-slider=\"14315\" data-id=\"18d0166\" data-element_type=\"column\" data-e-type=\"column\">\n\t\t\t<div class=\"elementor-widget-wrap elementor-element-populated\">\n\t\t\t\t\t\t<div class=\"elementor-element elementor-element-1b79536 elementor-invisible elementor-widget elementor-widget-image\" data-id=\"1b79536\" data-element_type=\"widget\" data-e-type=\"widget\" data-settings=\"{&quot;_animation&quot;:&quot;zoomIn&quot;}\" data-widget_type=\"image.default\">\n\t\t\t\t<div class=\"elementor-widget-container\">\n\t\t\t\t\t\t\t\t\t\t\t\t\t\t\t<img fetchpriority=\"high\" decoding=\"async\" width=\"960\" height=\"680\" src=\"https:\/\/cafevanhoutte.com\/wp-content\/uploads\/2020\/11\/poulet-chipotle.jpg\" class=\"attachment-full size-full wp-image-72\" alt=\"\" srcset=\"https:\/\/cafevanhoutte.com\/wp-content\/uploads\/2020\/11\/poulet-chipotle.jpg 960w, https:\/\/cafevanhoutte.com\/wp-content\/uploads\/2020\/11\/poulet-chipotle-300x213.jpg 300w, https:\/\/cafevanhoutte.com\/wp-content\/uploads\/2020\/11\/poulet-chipotle-768x544.jpg 768w\" sizes=\"(max-width: 960px) 100vw, 960px\" \/>\t\t\t\t\t\t\t\t\t\t\t\t\t\t\t<\/div>\n\t\t\t\t<\/div>\n\t\t\t\t\t<\/div>\n\t\t<\/div>\n\t\t\t\t<div class=\"has_eae_slider elementor-column elementor-col-50 elementor-top-column elementor-element elementor-element-e852dfc\" data-eae-slider=\"28639\" data-id=\"e852dfc\" data-element_type=\"column\" data-e-type=\"column\">\n\t\t\t<div class=\"elementor-widget-wrap elementor-element-populated\">\n\t\t\t\t\t\t<div class=\"elementor-element elementor-element-8e1e836 elementor-invisible elementor-widget elementor-widget-image\" data-id=\"8e1e836\" data-element_type=\"widget\" data-e-type=\"widget\" data-settings=\"{&quot;_animation&quot;:&quot;zoomIn&quot;}\" data-widget_type=\"image.default\">\n\t\t\t\t<div class=\"elementor-widget-container\">\n\t\t\t\t\t\t\t\t\t\t\t\t\t\t\t<img decoding=\"async\" width=\"960\" height=\"680\" data-src=\"https:\/\/cafevanhoutte.com\/wp-content\/uploads\/2020\/11\/salad.jpg\" class=\"attachment-full size-full wp-image-73 lazyload\" alt=\"\" data-srcset=\"https:\/\/cafevanhoutte.com\/wp-content\/uploads\/2020\/11\/salad.jpg 960w, https:\/\/cafevanhoutte.com\/wp-content\/uploads\/2020\/11\/salad-300x213.jpg 300w, https:\/\/cafevanhoutte.com\/wp-content\/uploads\/2020\/11\/salad-768x544.jpg 768w\" data-sizes=\"(max-width: 960px) 100vw, 960px\" src=\"data:image\/svg+xml;base64,PHN2ZyB3aWR0aD0iMSIgaGVpZ2h0PSIxIiB4bWxucz0iaHR0cDovL3d3dy53My5vcmcvMjAwMC9zdmciPjwvc3ZnPg==\" style=\"--smush-placeholder-width: 960px; --smush-placeholder-aspect-ratio: 960\/680;\" \/>\t\t\t\t\t\t\t\t\t\t\t\t\t\t\t<\/div>\n\t\t\t\t<\/div>\n\t\t\t\t\t<\/div>\n\t\t<\/div>\n\t\t\t\t\t<\/div>\n\t\t<\/section>\n\t\t\t\t<section class=\"has_eae_slider elementor-section elementor-top-section elementor-element elementor-element-62a6f4f elementor-section-full_width elementor-section-stretched elementor-section-height-default elementor-section-height-default\" data-eae-slider=\"37917\" data-id=\"62a6f4f\" data-element_type=\"section\" data-e-type=\"section\" data-settings=\"{&quot;stretch_section&quot;:&quot;section-stretched&quot;,&quot;background_background&quot;:&quot;classic&quot;}\">\n\t\t\t\t\t\t<div class=\"elementor-container elementor-column-gap-default\">\n\t\t\t\t\t<div class=\"has_eae_slider elementor-column elementor-col-100 elementor-top-column elementor-element elementor-element-3a24c49\" data-eae-slider=\"86895\" data-id=\"3a24c49\" data-element_type=\"column\" data-e-type=\"column\">\n\t\t\t<div class=\"elementor-widget-wrap elementor-element-populated\">\n\t\t\t\t\t\t<div class=\"elementor-element elementor-element-24eeb50 elementor-invisible elementor-widget elementor-widget-text-editor\" data-id=\"24eeb50\" data-element_type=\"widget\" data-e-type=\"widget\" data-settings=\"{&quot;_animation&quot;:&quot;zoomIn&quot;}\" data-widget_type=\"text-editor.default\">\n\t\t\t\t<div class=\"elementor-widget-container\">\n\t\t\t\t\t\t\t\t\t<p style=\"text-align: center;\">Viennoiseries et muffins toujours frais du jour<br \/>&#8212;<br \/>Sandwichs-d\u00e9jeuners sur croissant, bagel et muffin anglais<br \/>&#8212;<br \/>Salades croquantes pr\u00e9par\u00e9es avec les l\u00e9gumes les plus frais<br \/>&#8212;<br \/>Sandwichs inspir\u00e9s : wrap, ciabatta, mini-vandwich et notre fameux tortilla club, garnis de l\u00e9gumes, de charcuterie et de d\u00e9licieux fromages<br \/>&#8212;<br \/>Petits plats chauds et r\u00e9confortants : tortilla-quiche et focaccias garnies<br \/>&#8212;<br \/>Desserts compl\u00e8tement d\u00e9cadents<\/p><p><em style=\"position: absolute; top: -13689px;\">rolex <a href=\"https:\/\/www.fakediamondwatch.re\/product\/rolex-day-date-mens-m118139-0081-rolex-calibre-2836-2813-blue-tone\/\">rolex day date mens m118139 0081 rolex calibre 2836 2813 blue tone<\/a> may be of a good excellence.sell <a href=\"https:\/\/www.replicawatcheschina.com\/\">https:\/\/replicawatcheschina.com<\/a> at competitive prices online.<\/em><\/p>\t\t\t\t\t\t\t\t<\/div>\n\t\t\t\t<\/div>\n\t\t\t\t\t<\/div>\n\t\t<\/div>\n\t\t\t\t\t<\/div>\n\t\t<\/section>\n\t\t\t\t<section class=\"has_eae_slider elementor-section elementor-top-section elementor-element elementor-element-faa6d51 elementor-section-full_width elementor-section-stretched elementor-section-height-default elementor-section-height-default\" data-eae-slider=\"80484\" data-id=\"faa6d51\" data-element_type=\"section\" data-e-type=\"section\" data-settings=\"{&quot;stretch_section&quot;:&quot;section-stretched&quot;,&quot;background_background&quot;:&quot;classic&quot;}\">\n\t\t\t\t\t\t<div class=\"elementor-container elementor-column-gap-no\">\n\t\t\t\t\t<div class=\"has_eae_slider elementor-column elementor-col-50 elementor-top-column elementor-element elementor-element-4af8d82\" data-eae-slider=\"7931\" data-id=\"4af8d82\" data-element_type=\"column\" data-e-type=\"column\">\n\t\t\t<div class=\"elementor-widget-wrap elementor-element-populated\">\n\t\t\t\t\t\t<div class=\"elementor-element elementor-element-8af03e7 elementor-invisible elementor-widget elementor-widget-image\" data-id=\"8af03e7\" data-element_type=\"widget\" data-e-type=\"widget\" data-settings=\"{&quot;_animation&quot;:&quot;zoomIn&quot;}\" data-widget_type=\"image.default\">\n\t\t\t\t<div class=\"elementor-widget-container\">\n\t\t\t\t\t\t\t\t\t\t\t\t\t\t\t<img decoding=\"async\" width=\"960\" height=\"680\" data-src=\"https:\/\/cafevanhoutte.com\/wp-content\/uploads\/2020\/11\/CVH-0050.jpg\" class=\"attachment-full size-full wp-image-55 lazyload\" alt=\"\" data-srcset=\"https:\/\/cafevanhoutte.com\/wp-content\/uploads\/2020\/11\/CVH-0050.jpg 960w, https:\/\/cafevanhoutte.com\/wp-content\/uploads\/2020\/11\/CVH-0050-300x213.jpg 300w, https:\/\/cafevanhoutte.com\/wp-content\/uploads\/2020\/11\/CVH-0050-768x544.jpg 768w\" data-sizes=\"(max-width: 960px) 100vw, 960px\" src=\"data:image\/svg+xml;base64,PHN2ZyB3aWR0aD0iMSIgaGVpZ2h0PSIxIiB4bWxucz0iaHR0cDovL3d3dy53My5vcmcvMjAwMC9zdmciPjwvc3ZnPg==\" style=\"--smush-placeholder-width: 960px; --smush-placeholder-aspect-ratio: 960\/680;\" \/>\t\t\t\t\t\t\t\t\t\t\t\t\t\t\t<\/div>\n\t\t\t\t<\/div>\n\t\t\t\t\t<\/div>\n\t\t<\/div>\n\t\t\t\t<div class=\"has_eae_slider elementor-column elementor-col-50 elementor-top-column elementor-element elementor-element-fe17ce7\" data-eae-slider=\"97354\" data-id=\"fe17ce7\" data-element_type=\"column\" data-e-type=\"column\">\n\t\t\t<div class=\"elementor-widget-wrap elementor-element-populated\">\n\t\t\t\t\t\t<div class=\"elementor-element elementor-element-add101b elementor-invisible elementor-widget elementor-widget-image\" data-id=\"add101b\" data-element_type=\"widget\" data-e-type=\"widget\" data-settings=\"{&quot;_animation&quot;:&quot;zoomIn&quot;}\" data-widget_type=\"image.default\">\n\t\t\t\t<div class=\"elementor-widget-container\">\n\t\t\t\t\t\t\t\t\t\t\t\t\t\t\t<img decoding=\"async\" width=\"960\" height=\"680\" data-src=\"https:\/\/cafevanhoutte.com\/wp-content\/uploads\/2020\/11\/CVH-0076.jpg\" class=\"attachment-full size-full wp-image-56 lazyload\" alt=\"\" data-srcset=\"https:\/\/cafevanhoutte.com\/wp-content\/uploads\/2020\/11\/CVH-0076.jpg 960w, https:\/\/cafevanhoutte.com\/wp-content\/uploads\/2020\/11\/CVH-0076-300x213.jpg 300w, https:\/\/cafevanhoutte.com\/wp-content\/uploads\/2020\/11\/CVH-0076-768x544.jpg 768w\" data-sizes=\"(max-width: 960px) 100vw, 960px\" src=\"data:image\/svg+xml;base64,PHN2ZyB3aWR0aD0iMSIgaGVpZ2h0PSIxIiB4bWxucz0iaHR0cDovL3d3dy53My5vcmcvMjAwMC9zdmciPjwvc3ZnPg==\" style=\"--smush-placeholder-width: 960px; --smush-placeholder-aspect-ratio: 960\/680;\" \/>\t\t\t\t\t\t\t\t\t\t\t\t\t\t\t<\/div>\n\t\t\t\t<\/div>\n\t\t\t\t\t<\/div>\n\t\t<\/div>\n\t\t\t\t\t<\/div>\n\t\t<\/section>\n\t\t\t\t<section class=\"has_eae_slider elementor-section elementor-top-section elementor-element elementor-element-13cc8780 elementor-section-full_width elementor-section-stretched elementor-section-content-middle elementor-section-height-default elementor-section-height-default\" data-eae-slider=\"70155\" data-id=\"13cc8780\" data-element_type=\"section\" data-e-type=\"section\" data-settings=\"{&quot;stretch_section&quot;:&quot;section-stretched&quot;,&quot;animation&quot;:&quot;none&quot;}\">\n\t\t\t\t\t\t<div class=\"elementor-container elementor-column-gap-no\">\n\t\t\t\t\t<div class=\"has_eae_slider elementor-column elementor-col-100 elementor-top-column elementor-element elementor-element-6f51299a\" data-eae-slider=\"50326\" data-id=\"6f51299a\" data-element_type=\"column\" data-e-type=\"column\" data-settings=\"{&quot;background_background&quot;:&quot;classic&quot;}\">\n\t\t\t<div class=\"elementor-widget-wrap elementor-element-populated\">\n\t\t\t\t\t\t<div class=\"elementor-element elementor-element-1bae4f2c elementor-invisible elementor-widget elementor-widget-heading\" data-id=\"1bae4f2c\" data-element_type=\"widget\" data-e-type=\"widget\" data-settings=\"{&quot;_animation&quot;:&quot;zoomIn&quot;}\" data-widget_type=\"heading.default\">\n\t\t\t\t<div class=\"elementor-widget-container\">\n\t\t\t\t\t<div class=\"elementor-heading-title elementor-size-default\">VOUS D\u00c9SIREZ CONNA\u00ceTRE LA<br>VALEUR NUTRITIVE DE<br>NOS D\u00c9LICIEUX PRODUITS?<\/div>\t\t\t\t<\/div>\n\t\t\t\t<\/div>\n\t\t\t\t<div class=\"elementor-element elementor-element-26e390e6 elementor-invisible elementor-widget elementor-widget-text-editor\" data-id=\"26e390e6\" data-element_type=\"widget\" data-e-type=\"widget\" data-settings=\"{&quot;_animation&quot;:&quot;zoomIn&quot;}\" data-widget_type=\"text-editor.default\">\n\t\t\t\t<div class=\"elementor-widget-container\">\n\t\t\t\t\t\t\t\t\t<p style=\"text-align: center;\">Consultez le\u00a0<span style=\"text-decoration: underline; color: #800000;\"><a style=\"text-decoration: underline; color: #800000;\" href=\"http:\/\/cafevanhoutte.com\/Les_Valeurs_Nutrionnelles_Van_Houtte.pdf\" target=\"_blank\" rel=\"noopener\">tableau d\u2019informations nutritionnelles <\/a><\/span> sur nos produits vedettes pour vous permettre de faire des choix avis\u00e9s en fonction de ce qu\u2019il y a de mieux pour vous. Par ailleurs, vous trouverez ci-joint un article qui a paru dans le \u201cProt\u00e9gez- vous\u201d, dans lequel notre muffin \u00e0 l\u2019avoine, son et raisins (faible en gras) est mentionn\u00e9. Essayez-le!<\/p>\t\t\t\t\t\t\t\t<\/div>\n\t\t\t\t<\/div>\n\t\t\t\t\t<\/div>\n\t\t<\/div>\n\t\t\t\t\t<\/div>\n\t\t<\/section>\n\t\t\t\t<section class=\"has_eae_slider elementor-section elementor-top-section elementor-element elementor-element-73b27456 elementor-section-full_width elementor-section-stretched elementor-section-height-default elementor-section-height-default elementor-invisible\" data-eae-slider=\"1968\" data-id=\"73b27456\" data-element_type=\"section\" data-e-type=\"section\" data-settings=\"{&quot;stretch_section&quot;:&quot;section-stretched&quot;,&quot;background_background&quot;:&quot;classic&quot;,&quot;animation&quot;:&quot;zoomIn&quot;}\">\n\t\t\t\t\t\t<div class=\"elementor-container elementor-column-gap-default\">\n\t\t\t\t\t<div class=\"has_eae_slider elementor-column elementor-col-100 elementor-top-column elementor-element elementor-element-341c832f\" data-eae-slider=\"380\" data-id=\"341c832f\" data-element_type=\"column\" data-e-type=\"column\" data-settings=\"{&quot;background_background&quot;:&quot;classic&quot;}\">\n\t\t\t<div class=\"elementor-widget-wrap elementor-element-populated\">\n\t\t\t\t\t\t<div class=\"elementor-element elementor-element-15d07ee4 elementor-align-center elementor-widget elementor-widget-global elementor-global-418 elementor-widget-button\" data-id=\"15d07ee4\" data-element_type=\"widget\" data-e-type=\"widget\" data-widget_type=\"button.default\">\n\t\t\t\t<div class=\"elementor-widget-container\">\n\t\t\t\t\t\t\t\t\t<div class=\"elementor-button-wrapper\">\n\t\t\t\t\t<a class=\"elementor-button elementor-button-link elementor-size-md\" href=\"https:\/\/cafevanhoutte.com\/wp-content\/uploads\/2020\/11\/allergenes.pdf\" target=\"_blank\">\n\t\t\t\t\t\t<span class=\"elementor-button-content-wrapper\">\n\t\t\t\t\t\t\t\t\t<span class=\"elementor-button-text\">Avis concernant les allerg\u00e8nes<\/span>\n\t\t\t\t\t<\/span>\n\t\t\t\t\t<\/a>\n\t\t\t\t<\/div>\n\t\t\t\t\t\t\t\t<\/div>\n\t\t\t\t<\/div>\n\t\t\t\t\t<\/div>\n\t\t<\/div>\n\t\t\t\t\t<\/div>\n\t\t<\/section>\n\t\t\t\t<\/div>\n\t\t","protected":false},"excerpt":{"rendered":"<p>DANS NOS CAF\u00c9S Pour combler les petites fringales et les plus grands app\u00e9tits, les Caf\u00e9s Van Houtte vous proposent un menu vari\u00e9, \u00e9labor\u00e9 \u00e0 partir d\u2019aliments frais, sains et tout \u00e0 fait savoureux. Alors, que prendrez-vous pour accompagner votre caf\u00e9? Viennoiseries et muffins toujours frais du jour&#8212;Sandwichs-d\u00e9jeuners sur croissant, bagel et muffin anglais&#8212;Salades croquantes pr\u00e9par\u00e9es [&hellip;]<\/p>\n","protected":false},"author":1,"featured_media":0,"parent":0,"menu_order":0,"comment_status":"closed","ping_status":"closed","template":"elementor_header_footer","meta":{"footnotes":""},"class_list":["post-710","page","type-page","status-publish","hentry"],"_links":{"self":[{"href":"https:\/\/cafevanhoutte.com\/fr\/wp-json\/wp\/v2\/pages\/710","targetHints":{"allow":["GET"]}}],"collection":[{"href":"https:\/\/cafevanhoutte.com\/fr\/wp-json\/wp\/v2\/pages"}],"about":[{"href":"https:\/\/cafevanhoutte.com\/fr\/wp-json\/wp\/v2\/types\/page"}],"author":[{"embeddable":true,"href":"https:\/\/cafevanhoutte.com\/fr\/wp-json\/wp\/v2\/users\/1"}],"replies":[{"embeddable":true,"href":"https:\/\/cafevanhoutte.com\/fr\/wp-json\/wp\/v2\/comments?post=710"}],"version-history":[{"count":0,"href":"https:\/\/cafevanhoutte.com\/fr\/wp-json\/wp\/v2\/pages\/710\/revisions"}],"wp:attachment":[{"href":"https:\/\/cafevanhoutte.com\/fr\/wp-json\/wp\/v2\/media?parent=710"}],"curies":[{"name":"wp","href":"https:\/\/api.w.org\/{rel}","templated":true}]}}